{"id":8,"date":"2023-09-08T11:37:39","date_gmt":"2023-09-08T11:37:39","guid":{"rendered":"http:\/\/www.tavgevarri.com\/?page_id=8"},"modified":"2024-04-16T13:00:07","modified_gmt":"2024-04-16T13:00:07","slug":"tavgevarri","status":"publish","type":"page","link":"https:\/\/www.tavgevarri.com\/tavgevarri\/tavgevarri\/","title":{"rendered":"Tavgevarri"},"content":{"rendered":"\t\t<div data-elementor-type=\"wp-page\" data-elementor-id=\"8\" class=\"elementor elementor-8\">\n\t\t\t\t<div class=\"elementor-element elementor-element-9831aa1 e-flex e-con-boxed e-con e-parent\" data-id=\"9831aa1\" data-element_type=\"container\">\n\t\t\t\t\t<div class=\"e-con-inner\">\n\t\t\t\t<div class=\"elementor-element elementor-element-fd237f6 elementor-widget elementor-widget-heading\" data-id=\"fd237f6\" data-element_type=\"widget\" data-widget_type=\"heading.default\">\n\t\t\t\t<div class=\"elementor-widget-container\">\n\t\t\t\t\t<h2 class=\"elementor-heading-title elementor-size-default\">Tavgevarri - Kelok\u00e4mpp\u00e4<\/h2>\t\t\t\t<\/div>\n\t\t\t\t<\/div>\n\t\t\t\t<div class=\"elementor-element elementor-element-812b0c8 elementor-widget elementor-widget-image\" data-id=\"812b0c8\" data-element_type=\"widget\" data-widget_type=\"image.default\">\n\t\t\t\t<div class=\"elementor-widget-container\">\n\t\t\t\t\t\t\t\t\t\t\t\t\t\t\t<img fetchpriority=\"high\" decoding=\"async\" width=\"768\" height=\"1120\" src=\"https:\/\/www.tavgevarri.com\/wp-content\/uploads\/2023\/09\/NI0B5117-768x1120.jpg\" class=\"attachment-medium_large size-medium_large wp-image-172\" alt=\"\" srcset=\"https:\/\/www.tavgevarri.com\/wp-content\/uploads\/2023\/09\/NI0B5117-768x1120.jpg 768w, https:\/\/www.tavgevarri.com\/wp-content\/uploads\/2023\/09\/NI0B5117-206x300.jpg 206w, https:\/\/www.tavgevarri.com\/wp-content\/uploads\/2023\/09\/NI0B5117-702x1024.jpg 702w, https:\/\/www.tavgevarri.com\/wp-content\/uploads\/2023\/09\/NI0B5117-1053x1536.jpg 1053w, https:\/\/www.tavgevarri.com\/wp-content\/uploads\/2023\/09\/NI0B5117.jpg 1404w\" sizes=\"(max-width: 768px) 100vw, 768px\" \/>\t\t\t\t\t\t\t\t\t\t\t\t\t\t\t<\/div>\n\t\t\t\t<\/div>\n\t\t\t\t<div class=\"elementor-element elementor-element-8f5a169 elementor-icon-list--layout-traditional elementor-list-item-link-full_width elementor-widget elementor-widget-icon-list\" data-id=\"8f5a169\" data-element_type=\"widget\" data-widget_type=\"icon-list.default\">\n\t\t\t\t<div class=\"elementor-widget-container\">\n\t\t\t\t\t\t\t<ul class=\"elementor-icon-list-items\">\n\t\t\t\t\t\t\t<li class=\"elementor-icon-list-item\">\n\t\t\t\t\t\t\t\t\t\t\t<span class=\"elementor-icon-list-icon\">\n\t\t\t\t\t\t\t<i aria-hidden=\"true\" class=\"far fa-circle\"><\/i>\t\t\t\t\t\t<\/span>\n\t\t\t\t\t\t\t\t\t\t<span class=\"elementor-icon-list-text\">Makuupaikat 10:lle henkil\u00f6lle<\/span>\n\t\t\t\t\t\t\t\t\t<\/li>\n\t\t\t\t\t\t\t\t<li class=\"elementor-icon-list-item\">\n\t\t\t\t\t\t\t\t\t\t\t<span class=\"elementor-icon-list-icon\">\n\t\t\t\t\t\t\t<i aria-hidden=\"true\" class=\"far fa-circle\"><\/i>\t\t\t\t\t\t<\/span>\n\t\t\t\t\t\t\t\t\t\t<span class=\"elementor-icon-list-text\">Sauna<\/span>\n\t\t\t\t\t\t\t\t\t<\/li>\n\t\t\t\t\t\t\t\t<li class=\"elementor-icon-list-item\">\n\t\t\t\t\t\t\t\t\t\t\t<span class=\"elementor-icon-list-icon\">\n\t\t\t\t\t\t\t<i aria-hidden=\"true\" class=\"far fa-circle\"><\/i>\t\t\t\t\t\t<\/span>\n\t\t\t\t\t\t\t\t\t\t<span class=\"elementor-icon-list-text\">Kaasuhella<\/span>\n\t\t\t\t\t\t\t\t\t<\/li>\n\t\t\t\t\t\t\t\t<li class=\"elementor-icon-list-item\">\n\t\t\t\t\t\t\t\t\t\t\t<span class=\"elementor-icon-list-icon\">\n\t\t\t\t\t\t\t<i aria-hidden=\"true\" class=\"far fa-circle\"><\/i>\t\t\t\t\t\t<\/span>\n\t\t\t\t\t\t\t\t\t\t<span class=\"elementor-icon-list-text\">Perusastiat<\/span>\n\t\t\t\t\t\t\t\t\t<\/li>\n\t\t\t\t\t\t\t\t<li class=\"elementor-icon-list-item\">\n\t\t\t\t\t\t\t\t\t\t\t<span class=\"elementor-icon-list-icon\">\n\t\t\t\t\t\t\t<i aria-hidden=\"true\" class=\"far fa-circle\"><\/i>\t\t\t\t\t\t<\/span>\n\t\t\t\t\t\t\t\t\t\t<span class=\"elementor-icon-list-text\">Polttopuut<\/span>\n\t\t\t\t\t\t\t\t\t<\/li>\n\t\t\t\t\t\t\t\t<li class=\"elementor-icon-list-item\">\n\t\t\t\t\t\t\t\t\t\t\t<span class=\"elementor-icon-list-icon\">\n\t\t\t\t\t\t\t<i aria-hidden=\"true\" class=\"far fa-circle\"><\/i>\t\t\t\t\t\t<\/span>\n\t\t\t\t\t\t\t\t\t\t<span class=\"elementor-icon-list-text\">Ei s\u00e4hk\u00f6j\u00e4 tai juoksevaa vett\u00e4<\/span>\n\t\t\t\t\t\t\t\t\t<\/li>\n\t\t\t\t\t\t\t\t<li class=\"elementor-icon-list-item\">\n\t\t\t\t\t\t\t\t\t\t\t<span class=\"elementor-icon-list-icon\">\n\t\t\t\t\t\t\t<i aria-hidden=\"true\" class=\"far fa-circle\"><\/i>\t\t\t\t\t\t<\/span>\n\t\t\t\t\t\t\t\t\t\t<span class=\"elementor-icon-list-text\">Ulko WC<\/span>\n\t\t\t\t\t\t\t\t\t<\/li>\n\t\t\t\t\t\t\t\t<li class=\"elementor-icon-list-item\">\n\t\t\t\t\t\t\t\t\t\t\t<span class=\"elementor-icon-list-icon\">\n\t\t\t\t\t\t\t<i aria-hidden=\"true\" class=\"far fa-circle\"><\/i>\t\t\t\t\t\t<\/span>\n\t\t\t\t\t\t\t\t\t\t<span class=\"elementor-icon-list-text\">Hinta 80\u20ac \/ vrk tai 500\u20ac \/ vko<\/span>\n\t\t\t\t\t\t\t\t\t<\/li>\n\t\t\t\t\t\t<\/ul>\n\t\t\t\t\t\t<\/div>\n\t\t\t\t<\/div>\n\t\t\t\t<div class=\"elementor-element elementor-element-8b4502d elementor-widget elementor-widget-image-gallery\" data-id=\"8b4502d\" data-element_type=\"widget\" data-widget_type=\"image-gallery.default\">\n\t\t\t\t<div class=\"elementor-widget-container\">\n\t\t\t\t\t\t\t<div class=\"elementor-image-gallery\">\n\t\t\t<div id='gallery-1' class='gallery galleryid-8 gallery-columns-4 gallery-size-thumbnail'><figure class='gallery-item'>\n\t\t\t<div class='gallery-icon landscape'>\n\t\t\t\t<a data-elementor-open-lightbox=\"yes\" data-elementor-lightbox-slideshow=\"8b4502d\" data-e-action-hash=\"#elementor-action%3Aaction%3Dlightbox%26settings%3DeyJpZCI6NjAyLCJ1cmwiOiJodHRwczpcL1wvd3d3LnRhdmdldmFycmkuY29tXC93cC1jb250ZW50XC91cGxvYWRzXC8yMDIzXC8wOVwvMTMuanBnIiwic2xpZGVzaG93IjoiOGI0NTAyZCJ9\" href='https:\/\/www.tavgevarri.com\/wp-content\/uploads\/2023\/09\/13.jpg'><img decoding=\"async\" width=\"150\" height=\"150\" src=\"https:\/\/www.tavgevarri.com\/wp-content\/uploads\/2023\/09\/13-150x150.jpg\" class=\"attachment-thumbnail size-thumbnail\" alt=\"\" \/><\/a>\n\t\t\t<\/div><\/figure><figure class='gallery-item'>\n\t\t\t<div class='gallery-icon landscape'>\n\t\t\t\t<a data-elementor-open-lightbox=\"yes\" data-elementor-lightbox-slideshow=\"8b4502d\" data-e-action-hash=\"#elementor-action%3Aaction%3Dlightbox%26settings%3DeyJpZCI6NjAzLCJ1cmwiOiJodHRwczpcL1wvd3d3LnRhdmdldmFycmkuY29tXC93cC1jb250ZW50XC91cGxvYWRzXC8yMDIzXC8wOVwvMTIwODIwMTA0ODYuanBnIiwic2xpZGVzaG93IjoiOGI0NTAyZCJ9\" href='https:\/\/www.tavgevarri.com\/wp-content\/uploads\/2023\/09\/12082010486.jpg'><img decoding=\"async\" width=\"150\" height=\"150\" src=\"https:\/\/www.tavgevarri.com\/wp-content\/uploads\/2023\/09\/12082010486-150x150.jpg\" class=\"attachment-thumbnail size-thumbnail\" alt=\"\" \/><\/a>\n\t\t\t<\/div><\/figure><figure class='gallery-item'>\n\t\t\t<div class='gallery-icon landscape'>\n\t\t\t\t<a data-elementor-open-lightbox=\"yes\" data-elementor-lightbox-slideshow=\"8b4502d\" data-e-action-hash=\"#elementor-action%3Aaction%3Dlightbox%26settings%3DeyJpZCI6NjA0LCJ1cmwiOiJodHRwczpcL1wvd3d3LnRhdmdldmFycmkuY29tXC93cC1jb250ZW50XC91cGxvYWRzXC8yMDIzXC8wOVwvSU1HXzAyMTAtc2NhbGVkLmpwZyIsInNsaWRlc2hvdyI6IjhiNDUwMmQifQ%3D%3D\" href='https:\/\/www.tavgevarri.com\/wp-content\/uploads\/2023\/09\/IMG_0210-scaled.jpg'><img loading=\"lazy\" decoding=\"async\" width=\"150\" height=\"150\" src=\"https:\/\/www.tavgevarri.com\/wp-content\/uploads\/2023\/09\/IMG_0210-150x150.jpg\" class=\"attachment-thumbnail size-thumbnail\" alt=\"\" \/><\/a>\n\t\t\t<\/div><\/figure><figure class='gallery-item'>\n\t\t\t<div class='gallery-icon landscape'>\n\t\t\t\t<a data-elementor-open-lightbox=\"yes\" data-elementor-lightbox-slideshow=\"8b4502d\" data-e-action-hash=\"#elementor-action%3Aaction%3Dlightbox%26settings%3DeyJpZCI6NjA1LCJ1cmwiOiJodHRwczpcL1wvd3d3LnRhdmdldmFycmkuY29tXC93cC1jb250ZW50XC91cGxvYWRzXC8yMDIzXC8wOVwvSU1HXzIwMTkwOTE2XzE5NDg0OS1zY2FsZWQuanBnIiwic2xpZGVzaG93IjoiOGI0NTAyZCJ9\" href='https:\/\/www.tavgevarri.com\/wp-content\/uploads\/2023\/09\/IMG_20190916_194849-scaled.jpg'><img loading=\"lazy\" decoding=\"async\" width=\"150\" height=\"150\" src=\"https:\/\/www.tavgevarri.com\/wp-content\/uploads\/2023\/09\/IMG_20190916_194849-150x150.jpg\" class=\"attachment-thumbnail size-thumbnail\" alt=\"\" \/><\/a>\n\t\t\t<\/div><\/figure><figure class='gallery-item'>\n\t\t\t<div class='gallery-icon landscape'>\n\t\t\t\t<a data-elementor-open-lightbox=\"yes\" data-elementor-lightbox-slideshow=\"8b4502d\" data-e-action-hash=\"#elementor-action%3Aaction%3Dlightbox%26settings%3DeyJpZCI6NjA2LCJ1cmwiOiJodHRwczpcL1wvd3d3LnRhdmdldmFycmkuY29tXC93cC1jb250ZW50XC91cGxvYWRzXC8yMDIzXC8wOVwvSU1HXzIwMTkwOTE2XzE5NTQxMi1zY2FsZWQuanBnIiwic2xpZGVzaG93IjoiOGI0NTAyZCJ9\" href='https:\/\/www.tavgevarri.com\/wp-content\/uploads\/2023\/09\/IMG_20190916_195412-scaled.jpg'><img loading=\"lazy\" decoding=\"async\" width=\"150\" height=\"150\" src=\"https:\/\/www.tavgevarri.com\/wp-content\/uploads\/2023\/09\/IMG_20190916_195412-150x150.jpg\" class=\"attachment-thumbnail size-thumbnail\" alt=\"\" \/><\/a>\n\t\t\t<\/div><\/figure><figure class='gallery-item'>\n\t\t\t<div class='gallery-icon portrait'>\n\t\t\t\t<a data-elementor-open-lightbox=\"yes\" data-elementor-lightbox-slideshow=\"8b4502d\" data-e-action-hash=\"#elementor-action%3Aaction%3Dlightbox%26settings%3DeyJpZCI6NjA3LCJ1cmwiOiJodHRwczpcL1wvd3d3LnRhdmdldmFycmkuY29tXC93cC1jb250ZW50XC91cGxvYWRzXC8yMDIzXC8wOVwvdGF2Z2V2YXJyaS1wb2hqYWt1dmEuanBnIiwic2xpZGVzaG93IjoiOGI0NTAyZCJ9\" href='https:\/\/www.tavgevarri.com\/wp-content\/uploads\/2023\/09\/tavgevarri-pohjakuva.jpg'><img loading=\"lazy\" decoding=\"async\" width=\"150\" height=\"150\" src=\"https:\/\/www.tavgevarri.com\/wp-content\/uploads\/2023\/09\/tavgevarri-pohjakuva-150x150.jpg\" class=\"attachment-thumbnail size-thumbnail\" alt=\"\" \/><\/a>\n\t\t\t<\/div><\/figure><figure class='gallery-item'>\n\t\t\t<div class='gallery-icon landscape'>\n\t\t\t\t<a data-elementor-open-lightbox=\"yes\" data-elementor-lightbox-slideshow=\"8b4502d\" data-e-action-hash=\"#elementor-action%3Aaction%3Dlightbox%26settings%3DeyJpZCI6NjA4LCJ1cmwiOiJodHRwczpcL1wvd3d3LnRhdmdldmFycmkuY29tXC93cC1jb250ZW50XC91cGxvYWRzXC8yMDIzXC8wOVwvVGF2Z2V2YXJyaV9rZWl0dGktc2NhbGVkLmpwZyIsInNsaWRlc2hvdyI6IjhiNDUwMmQifQ%3D%3D\" href='https:\/\/www.tavgevarri.com\/wp-content\/uploads\/2023\/09\/Tavgevarri_keitti-scaled.jpg'><img loading=\"lazy\" decoding=\"async\" width=\"150\" height=\"150\" src=\"https:\/\/www.tavgevarri.com\/wp-content\/uploads\/2023\/09\/Tavgevarri_keitti-150x150.jpg\" class=\"attachment-thumbnail size-thumbnail\" alt=\"\" \/><\/a>\n\t\t\t<\/div><\/figure><figure class='gallery-item'>\n\t\t\t<div class='gallery-icon portrait'>\n\t\t\t\t<a data-elementor-open-lightbox=\"yes\" data-elementor-lightbox-slideshow=\"8b4502d\" data-e-action-hash=\"#elementor-action%3Aaction%3Dlightbox%26settings%3DeyJpZCI6NjIwLCJ1cmwiOiJodHRwczpcL1wvd3d3LnRhdmdldmFycmkuY29tXC93cC1jb250ZW50XC91cGxvYWRzXC8yMDIzXC8wOVwvTkkwQjUwMDQuanBnIiwic2xpZGVzaG93IjoiOGI0NTAyZCJ9\" href='https:\/\/www.tavgevarri.com\/wp-content\/uploads\/2023\/09\/NI0B5004.jpg'><img loading=\"lazy\" decoding=\"async\" width=\"150\" height=\"150\" src=\"https:\/\/www.tavgevarri.com\/wp-content\/uploads\/2023\/09\/NI0B5004-150x150.jpg\" class=\"attachment-thumbnail size-thumbnail\" alt=\"\" \/><\/a>\n\t\t\t<\/div><\/figure><figure class='gallery-item'>\n\t\t\t<div class='gallery-icon landscape'>\n\t\t\t\t<a data-elementor-open-lightbox=\"yes\" data-elementor-lightbox-slideshow=\"8b4502d\" data-e-action-hash=\"#elementor-action%3Aaction%3Dlightbox%26settings%3DeyJpZCI6NjIxLCJ1cmwiOiJodHRwczpcL1wvd3d3LnRhdmdldmFycmkuY29tXC93cC1jb250ZW50XC91cGxvYWRzXC8yMDIzXC8wOVwvTkkwQjUxMjAuanBnIiwic2xpZGVzaG93IjoiOGI0NTAyZCJ9\" href='https:\/\/www.tavgevarri.com\/wp-content\/uploads\/2023\/09\/NI0B5120.jpg'><img loading=\"lazy\" decoding=\"async\" width=\"150\" height=\"150\" src=\"https:\/\/www.tavgevarri.com\/wp-content\/uploads\/2023\/09\/NI0B5120-150x150.jpg\" class=\"attachment-thumbnail size-thumbnail\" alt=\"\" \/><\/a>\n\t\t\t<\/div><\/figure><figure class='gallery-item'>\n\t\t\t<div class='gallery-icon landscape'>\n\t\t\t\t<a data-elementor-open-lightbox=\"yes\" data-elementor-lightbox-slideshow=\"8b4502d\" data-e-action-hash=\"#elementor-action%3Aaction%3Dlightbox%26settings%3DeyJpZCI6NjIyLCJ1cmwiOiJodHRwczpcL1wvd3d3LnRhdmdldmFycmkuY29tXC93cC1jb250ZW50XC91cGxvYWRzXC8yMDIzXC8wOVwvTkkwQjUxMjEuanBnIiwic2xpZGVzaG93IjoiOGI0NTAyZCJ9\" href='https:\/\/www.tavgevarri.com\/wp-content\/uploads\/2023\/09\/NI0B5121.jpg'><img loading=\"lazy\" decoding=\"async\" width=\"150\" height=\"150\" src=\"https:\/\/www.tavgevarri.com\/wp-content\/uploads\/2023\/09\/NI0B5121-150x150.jpg\" class=\"attachment-thumbnail size-thumbnail\" alt=\"\" \/><\/a>\n\t\t\t<\/div><\/figure>\n\t\t<\/div>\n\t\t<\/div>\n\t\t\t\t\t\t<\/div>\n\t\t\t\t<\/div>\n\t\t\t\t<div class=\"elementor-element elementor-element-7057778 elementor-widget elementor-widget-spacer\" data-id=\"7057778\" data-element_type=\"widget\" data-widget_type=\"spacer.default\">\n\t\t\t\t<div class=\"elementor-widget-container\">\n\t\t\t\t\t\t\t<div class=\"elementor-spacer\">\n\t\t\t<div class=\"elementor-spacer-inner\"><\/div>\n\t\t<\/div>\n\t\t\t\t\t\t<\/div>\n\t\t\t\t<\/div>\n\t\t\t\t\t<\/div>\n\t\t\t\t<\/div>\n\t\t\t\t<\/div>\n\t\t","protected":false},"excerpt":{"rendered":"<p>Tavgevarri &#8211; Kelok\u00e4mpp\u00e4 Makuupaikat 10:lle henkil\u00f6lle Sauna Kaasuhella Perusastiat Polttopuut Ei s\u00e4hk\u00f6j\u00e4 tai juoksevaa vett\u00e4 Ulko WC Hinta 80\u20ac \/ vrk tai 500\u20ac \/ vko<\/p>\n","protected":false},"author":1,"featured_media":0,"parent":0,"menu_order":0,"comment_status":"closed","ping_status":"closed","template":"","meta":{"site-sidebar-layout":"no-sidebar","site-content-layout":"","ast-site-content-layout":"full-width-container","site-content-style":"default","site-sidebar-style":"default","ast-global-header-display":"","ast-banner-title-visibility":"","ast-main-header-display":"","ast-hfb-above-header-display":"","ast-hfb-below-header-display":"","ast-hfb-mobile-header-display":"","site-post-title":"disabled","ast-breadcrumbs-content":"","ast-featured-img":"disabled","footer-sml-layout":"","ast-disable-related-posts":"","theme-transparent-header-meta":"","adv-header-id-meta":"","stick-header-meta":"","header-above-stick-meta":"","header-main-stick-meta":"","header-below-stick-meta":"","astra-migrate-meta-layouts":"default","ast-page-background-enabled":"default","ast-page-background-meta":{"desktop":{"background-color":"var(--ast-global-color-4)","background-image":"","background-repeat":"repeat","background-position":"center center","background-size":"auto","background-attachment":"scroll","background-type":"","background-media":"","overlay-type":"","overlay-color":"","overlay-opacity":"","overlay-gradient":""},"tablet":{"background-color":"","background-image":"","background-repeat":"repeat","background-position":"center center","background-size":"auto","background-attachment":"scroll","background-type":"","background-media":"","overlay-type":"","overlay-color":"","overlay-opacity":"","overlay-gradient":""},"mobile":{"background-color":"","background-image":"","background-repeat":"repeat","background-position":"center center","background-size":"auto","background-attachment":"scroll","background-type":"","background-media":"","overlay-type":"","overlay-color":"","overlay-opacity":"","overlay-gradient":""}},"ast-content-background-meta":{"desktop":{"background-color":"var(--ast-global-color-5)","background-image":"","background-repeat":"repeat","background-position":"center center","background-size":"auto","background-attachment":"scroll","background-type":"","background-media":"","overlay-type":"","overlay-color":"","overlay-opacity":"","overlay-gradient":""},"tablet":{"background-color":"var(--ast-global-color-5)","background-image":"","background-repeat":"repeat","background-position":"center center","background-size":"auto","background-attachment":"scroll","background-type":"","background-media":"","overlay-type":"","overlay-color":"","overlay-opacity":"","overlay-gradient":""},"mobile":{"background-color":"var(--ast-global-color-5)","background-image":"","background-repeat":"repeat","background-position":"center center","background-size":"auto","background-attachment":"scroll","background-type":"","background-media":"","overlay-type":"","overlay-color":"","overlay-opacity":"","overlay-gradient":""}},"footnotes":""},"_links":{"self":[{"href":"https:\/\/www.tavgevarri.com\/tavgevarri\/wp-json\/wp\/v2\/pages\/8"}],"collection":[{"href":"https:\/\/www.tavgevarri.com\/tavgevarri\/wp-json\/wp\/v2\/pages"}],"about":[{"href":"https:\/\/www.tavgevarri.com\/tavgevarri\/wp-json\/wp\/v2\/types\/page"}],"author":[{"embeddable":true,"href":"https:\/\/www.tavgevarri.com\/tavgevarri\/wp-json\/wp\/v2\/users\/1"}],"replies":[{"embeddable":true,"href":"https:\/\/www.tavgevarri.com\/tavgevarri\/wp-json\/wp\/v2\/comments?post=8"}],"version-history":[{"count":67,"href":"https:\/\/www.tavgevarri.com\/tavgevarri\/wp-json\/wp\/v2\/pages\/8\/revisions"}],"predecessor-version":[{"id":768,"href":"https:\/\/www.tavgevarri.com\/tavgevarri\/wp-json\/wp\/v2\/pages\/8\/revisions\/768"}],"wp:attachment":[{"href":"https:\/\/www.tavgevarri.com\/tavgevarri\/wp-json\/wp\/v2\/media?parent=8"}],"curies":[{"name":"wp","href":"https:\/\/api.w.org\/{rel}","templated":true}]}}